{"id":1167,"date":"2016-04-07T15:54:12","date_gmt":"2016-04-07T13:54:12","guid":{"rendered":"http:\/\/www.loosbuehelalm.at\/hofeigene-produkte\/?lang=en"},"modified":"2025-02-13T12:25:16","modified_gmt":"2025-02-13T11:25:16","slug":"fresh-farm-products","status":"publish","type":"page","link":"https:\/\/www.loosbuehelalm.at\/en\/fresh-farm-products\/","title":{"rendered":"Our Fresh Farm Products"},"content":{"rendered":"<div class=\"wpb-content-wrapper\"><p>[vc_row][vc_column][vc_column_text]<\/p>\n<h1>Our Own Fresh Farm Products From Our Farm Klausbauer<\/h1>\n<h2>Cow\u00a0&amp; Goat Cheese, Butter, Farm Bread and Much More from\u00a0Gro\u00dfarl<\/h2>\n<p>[\/vc_column_text][\/vc_column][\/vc_row][vc_row][vc_column][vc_column_text]It is not only the passion for nature that makes\u00a0<a href=\"https:\/\/www.loosbuehelalm.at\/en\/\">Loosb\u00fchelalm in Gro\u00dfarltal<\/a>\u00a0great, but also the delicious\u00a0<strong>farm products <\/strong>produced here. Come visit the hut at 1,769m and enjoy our <strong>homemade products<\/strong>\u00a0from our Klausbauer farm: \u00a0a<strong> variety of cheeses<\/strong>, <strong>house sausages <\/strong>and bacon, <strong>farmer&#8217;s bread (brown bread), alm butter,\u00a0<\/strong>different juices and schnapps&#8230; We are especially proud of our homemade <strong>goat products.<\/strong> The goat&#8217;s milk and goat&#8217;s cheese are well-tolerated and easily digestible for people with allergies. And they taste simply excellent.[\/vc_column_text][vc_row_inner][vc_column_inner width=&#8221;1\/6&#8243;][vc_single_image image=&#8221;3915&#8243; img_size=&#8221;small&#8221;][\/vc_column_inner][vc_column_inner width=&#8221;5\/6&#8243;][vc_column_text]During summer you will find about 70 cows and 20 goats up at the alm. In such a setting, the raw products become even higher quality. We are pleased to produce various cow and goat cheese specialties, such as the &#8220;Grossarltaler Bergbauer cheese&#8221;\u00a0for the gourmet region. For those who like sweeter things, come try our <strong>homemade pastries<\/strong>. You can even <strong>take our products home<\/strong> to enjoy later (except for the brown bread).[\/vc_column_text][\/vc_column_inner][\/vc_row_inner][\/vc_column][\/vc_row][vc_row full_width=&#8221;stretch_row_content_no_spaces&#8221; content_placement=&#8221;middle&#8221; el_class=&#8221;hintergrund-weiss-umgekehrt&#8221; css=&#8221;.vc_custom_1460975193522{margin-bottom: 0px !important;}&#8221;][vc_column width=&#8221;1\/2&#8243;][vc_column_text]<\/p>\n<h4>From Our Own Milk Production<\/h4>\n<p>[\/vc_column_text][vc_column_text]<\/p>\n<ul>\n<li>Cow&#8217;s Milk<\/li>\n<li><strong>Goat&#8217;s Milk<\/strong><\/li>\n<li>Buttermilk<\/li>\n<li>Cultured butter from natural raw milk<\/li>\n<li>Various types of cheese: Cow&#8217;s milk cheese, mixed cheese<strong> &amp; Rainer goat cheese\u00a0<\/strong><\/li>\n<\/ul>\n<p>[\/vc_column_text][vc_column_text]You are also welcome <strong>to enjoy\u00a0our products at home.<\/strong>[\/vc_column_text][vc_column_text css=&#8221;.vc_custom_1739445736038{margin-top: 10px !important;}&#8221;]<span class=\"button-block\"><a href=\"mailto:info@klausbauer.at\">Inquire Now at Klausbauer<\/a><\/span>[\/vc_column_text][\/vc_column][vc_column width=&#8221;1\/2&#8243;][vc_gallery interval=&#8221;3&#8243; images=&#8221;338,969,972&#8243; img_size=&#8221;medium&#8221;][\/vc_column][\/vc_row][vc_row full_width=&#8221;stretch_row_content_no_spaces&#8221; content_placement=&#8221;middle&#8221; el_class=&#8221;hintergrund-normal-umgekehrt&#8221;][vc_column width=&#8221;1\/2&#8243;][vc_gallery interval=&#8221;3&#8243; images=&#8221;337,970,971&#8243; img_size=&#8221;medium&#8221;][\/vc_column][vc_column width=&#8221;1\/2&#8243;][vc_column_text]<\/p>\n<h4>Additional Homemade Products<\/h4>\n<p>[\/vc_column_text][vc_column_text]<\/p>\n<ul>\n<li>Bacon<\/li>\n<li>Various Sausages: House Sausage Viennese Style, Krainer with\u00a0&amp; without Cheese,&#8230;<\/li>\n<li>Schnapps, for example,\u00a0Fruit, Gentian &amp;\u00a0Pine<\/li>\n<li>Juices<\/li>\n<\/ul>\n<p>[\/vc_column_text][vc_column_text]You are also welcome to <strong>enjoy our\u00a0products at home\u00a0<\/strong>(except for our farmer&#8217;s bread).[\/vc_column_text][vc_column_text css=&#8221;.vc_custom_1739445736038{margin-top: 10px !important;}&#8221;]<span class=\"button-block\"><a href=\"mailto:info@klausbauer.at\">Inquire Now at Klausbauer<\/a><\/span>[\/vc_column_text][\/vc_column][\/vc_row][vc_row css=&#8221;.vc_custom_1460973190540{margin-top: 70px !important;}&#8221;][vc_column][vc_column_text]<\/p>\n<h3>Cheese Specialties at\u00a0\u00a0Loosb\u00fchelalm in Gro\u00dfarltal<\/h3>\n<p>[\/vc_column_text][vc_tta_accordion active_section=&#8221;false&#8221; collapsible_all=&#8221;true&#8221;][vc_tta_section title=&#8221;The Loosb\u00fcheler Soft Cheese&#8221; tab_id=&#8221;1460378219446-f17e8d81-c89e&#8221;][vc_row_inner][vc_column_inner width=&#8221;1\/4&#8243;][vc_single_image image=&#8221;667&#8243; img_size=&#8221;small&#8221;][\/vc_column_inner][vc_column_inner width=&#8221;3\/4&#8243;][vc_column_text]The<strong>\u00a0Loosb\u00fcheler Soft Cheese\u00a0<\/strong>is a <strong>foil-matured raw milk cheese<\/strong> with<strong> 45% fat<\/strong> in dry mass.\u00a0After extensive tasting, Hans himself, classifies this cheese\u00a0as in\u00a0between a sliced and soft cheese. \u00a0Enriched with a special blend of herbs and natural salt, the cheese unfolds into a particularly <strong>mild cheese with a\u00a0slightly tangy, yet natural taste<\/strong>.[\/vc_column_text][\/vc_column_inner][\/vc_row_inner][\/vc_tta_section][vc_tta_section title=&#8221;The Loosb\u00fcheler Hard Cheese&#8221; tab_id=&#8221;1460378495858-6fcc5f01-ab34&#8243;][vc_row_inner][vc_column_inner width=&#8221;1\/4&#8243;][vc_single_image image=&#8221;670&#8243; img_size=&#8221;small&#8221;][\/vc_column_inner][vc_column_inner width=&#8221;3\/4&#8243;][vc_column_text]<strong>The\u00a0Loosb\u00fcheler<\/strong>\u00a0<strong>Hard Cheese (or sliced cheese) <\/strong>is at<strong> rotschmier matured cheese with 45% fat<\/strong> in dry mass. This is a pure cow&#8217;s milk cheese, which gained its typically mild character from the\u00a0natural salt and red smear.[\/vc_column_text][\/vc_column_inner][\/vc_row_inner][\/vc_tta_section][vc_tta_section title=&#8221;The Loosb\u00fcheler Mixed Cheese&#8221; tab_id=&#8221;1460378605985-13d1d79d-f4c9&#8243;][vc_row_inner][vc_column_inner width=&#8221;1\/4&#8243;][vc_single_image image=&#8221;668&#8243; img_size=&#8221;small&#8221;][\/vc_column_inner][vc_column_inner width=&#8221;3\/4&#8243;][vc_column_text]The<strong> Loosb\u00fcheler<\/strong>\u00a0<b>Mixed Cheese <\/b>is\u00a0at\u00a0<strong>rotschmier matured cheese with 45% fat<\/strong>\u00a0in dry mass. This cheese is made of 40% goat&#8217;s milk and 60% cow&#8217;s milk\u00a0and contains natural salt. It has\u00a0a very particular taste &#8211; <strong>slightly spicy to savory<\/strong>, depending on the maturity.[\/vc_column_text][\/vc_column_inner][\/vc_row_inner][\/vc_tta_section][vc_tta_section title=&#8221;The Loosb\u00fcheler Herb Cheese&#8221; tab_id=&#8221;1460378707479-46bf014d-551d&#8221;][vc_row_inner][vc_column_inner width=&#8221;1\/4&#8243;][vc_single_image image=&#8221;666&#8243; img_size=&#8221;small&#8221;][\/vc_column_inner][vc_column_inner width=&#8221;3\/4&#8243;][vc_column_text]The\u00a0<strong>Loosb\u00fcheler Kr\u00e4uterk\u00e4se<\/strong> is a\u00a0<strong>hard cheese <\/strong>from pure cow&#8217;s milk and is<strong>\u00a045% fat <\/strong>in dry mass.\u00a0It has been refined with a special mixture of herbs and natural salt. The taste depends on the degree of maturity, but it is spicy with some sharpness from fiery chillies.[\/vc_column_text][\/vc_column_inner][\/vc_row_inner][\/vc_tta_section][vc_tta_section title=&#8221;The Loosb\u00fcheler Sour Cheese&#8221; tab_id=&#8221;1460378825735-827df054-2f64&#8243;][vc_row_inner][vc_column_inner width=&#8221;1\/4&#8243;][vc_single_image image=&#8221;669&#8243; img_size=&#8221;small&#8221;][\/vc_column_inner][vc_column_inner width=&#8221;3\/4&#8243;][vc_column_text]The\u00a0<strong>Loosb\u00fcheler Sour Cheese with a natural rind <\/strong>is\u00a0<strong>30 % fat\u00a0<\/strong>in dry mass and is typical of our region. It is made from <strong>sour skimmed-raw milk<\/strong> <strong>from the cow<\/strong>, which is then flavored with natural salt and pepper.\u00a0The natural rind is created during maturation in the\u00a0breezy cool storage space. The spicy-sharp flavor and slightly crumbly consistency\u00a0characterize\u00a0this cheese. Our recommendation: eat it with bread and lots of butter, and with a peach schnapps.[\/vc_column_text][\/vc_column_inner][\/vc_row_inner][\/vc_tta_section][vc_tta_section title=&#8221;The Loosb\u00fcheler Goat Cheese&#8221; tab_id=&#8221;1460379088364-5386e12a-ce5f&#8221;][vc_row_inner][vc_column_inner width=&#8221;1\/4&#8243;][vc_single_image image=&#8221;672&#8243; img_size=&#8221;big&#8221;][\/vc_column_inner][vc_column_inner width=&#8221;3\/4&#8243;][vc_column_text]The\u00a0<strong>Loosb\u00fcheler Goat Cheese is 50 % fat\u00a0<\/strong>in dry mass and is our specialty!\u00a0It is made from 100 % goat&#8217;s milk and is a must-try for all goat cheese lovers!\u00a0To prolong the shelf life of this soft cheese, we place it in an <strong>herbal oil<\/strong>. Enriched with only natural salt, the flavor develops from <strong>mild to strong<\/strong> depending on the age and that is why this cheese is popular, even people who don&#8217;t normally enjoy goat cheese![\/vc_column_text][\/vc_column_inner][\/vc_row_inner][\/vc_tta_section][\/vc_tta_accordion][\/vc_column][\/vc_row][vc_row][vc_column width=&#8221;1\/3&#8243;][vc_column_text]<span class=\"button-block\"><a class=\"btn btn-block\" href=\"https:\/\/www.loosbuehelalm.at\/en\/alm-hut-salzburger-land\/\">Come Visit<\/a><\/span>[\/vc_column_text][\/vc_column][vc_column width=&#8221;1\/3&#8243;][vc_column_text]<span class=\"button-block\"><a class=\"btn btn-block\" href=\"https:\/\/www.loosbuehelalm.at\/en\/awards\/\">Awards <\/a><\/span>[\/vc_column_text][\/vc_column][vc_column width=&#8221;1\/3&#8243;][vc_column_text]<span class=\"button-block\"><a class=\"btn btn-block\" href=\"https:\/\/www.loosbuehelalm.at\/en\/destination-grossarltal\/\">The Destination<\/a><\/span>[\/vc_column_text][\/vc_column][\/vc_row]<\/p>\n<\/div>","protected":false},"excerpt":{"rendered":"<p>[vc_row][vc_column][vc_column_text] Our Own Fresh Farm Products From Our Farm Klausbauer Cow\u00a0&amp; Goat Cheese, Butter, Farm Bread and Much More from\u00a0Gro\u00dfarl [\/vc_column_text][\/vc_column][\/vc_row][vc_row][vc_column][vc_column_text]It is not only the passion for nature that makes\u00a0Loosb\u00fchelalm in Gro\u00dfarltal\u00a0great, but also the delicious\u00a0farm products produced here. Come visit the hut at 1,769m and enjoy our homemade products\u00a0from our Klausbauer farm: \u00a0a variety &hellip;<\/p>\n\n<p><a class=\"readmore btn btn-default btn-default btn-block\" href=\"https:\/\/www.loosbuehelalm.at\/en\/fresh-farm-products\/\">weiterleisen<\/a><\/p>","protected":false},"author":1,"featured_media":1133,"parent":0,"menu_order":21,"comment_status":"closed","ping_status":"closed","template":"","meta":{"_acf_changed":false,"footnotes":""},"class_list":["post-1167","page","type-page","status-publish","has-post-thumbnail","hentry"],"acf":[],"_links":{"self":[{"href":"https:\/\/www.loosbuehelalm.at\/en\/wp-json\/wp\/v2\/pages\/1167","targetHints":{"allow":["GET"]}}],"collection":[{"href":"https:\/\/www.loosbuehelalm.at\/en\/wp-json\/wp\/v2\/pages"}],"about":[{"href":"https:\/\/www.loosbuehelalm.at\/en\/wp-json\/wp\/v2\/types\/page"}],"author":[{"embeddable":true,"href":"https:\/\/www.loosbuehelalm.at\/en\/wp-json\/wp\/v2\/users\/1"}],"replies":[{"embeddable":true,"href":"https:\/\/www.loosbuehelalm.at\/en\/wp-json\/wp\/v2\/comments?post=1167"}],"version-history":[{"count":0,"href":"https:\/\/www.loosbuehelalm.at\/en\/wp-json\/wp\/v2\/pages\/1167\/revisions"}],"wp:featuredmedia":[{"embeddable":true,"href":"https:\/\/www.loosbuehelalm.at\/en\/wp-json\/wp\/v2\/media\/1133"}],"wp:attachment":[{"href":"https:\/\/www.loosbuehelalm.at\/en\/wp-json\/wp\/v2\/media?parent=1167"}],"curies":[{"name":"wp","href":"https:\/\/api.w.org\/{rel}","templated":true}]}}